{"id":967,"date":"2019-05-16T12:23:27","date_gmt":"2019-05-16T10:23:27","guid":{"rendered":"https:\/\/pechlaner.it\/wordpress-2019\/ueber-uns\/"},"modified":"2019-07-29T14:09:42","modified_gmt":"2019-07-29T12:09:42","slug":"su-di-noi","status":"publish","type":"page","link":"https:\/\/pechlaner.it\/it\/su-di-noi\/","title":{"rendered":"Su di noi"},"content":{"rendered":"[vc_row type=&#8221;in_container&#8221; full_screen_row_position=&#8221;middle&#8221; scene_position=&#8221;center&#8221; text_color=&#8221;dark&#8221; text_align=&#8221;left&#8221; top_padding=&#8221;\u00b4&#8221; overlay_strength=&#8221;0.3&#8243; shape_divider_position=&#8221;bottom&#8221; bg_image_animation=&#8221;none&#8221; shape_type=&#8221;&#8221;][vc_column centered_text=&#8221;true&#8221; column_padding=&#8221;no-extra-padding&#8221; column_padding_position=&#8221;all&#8221; background_color_opacity=&#8221;1&#8243; background_hover_color_opacity=&#8221;1&#8243; column_link_target=&#8221;_self&#8221; column_shadow=&#8221;none&#8221; column_border_radius=&#8221;none&#8221; width=&#8221;1\/6&#8243; tablet_width_inherit=&#8221;default&#8221; tablet_text_alignment=&#8221;default&#8221; phone_text_alignment=&#8221;default&#8221; column_border_width=&#8221;none&#8221; column_border_style=&#8221;solid&#8221; bg_image_animation=&#8221;none&#8221;][\/vc_column][vc_column column_padding=&#8221;padding-3-percent&#8221; column_padding_position=&#8221;all&#8221; background_color=&#8221;#ffffff&#8221; background_color_opacity=&#8221;1&#8243; background_hover_color_opacity=&#8221;1&#8243; column_link_target=&#8221;_self&#8221; column_shadow=&#8221;none&#8221; column_border_radius=&#8221;none&#8221; top_margin=&#8221;-5%&#8221; width=&#8221;2\/3&#8243; tablet_width_inherit=&#8221;default&#8221; tablet_text_alignment=&#8221;default&#8221; phone_text_alignment=&#8221;default&#8221; column_border_width=&#8221;none&#8221; column_border_style=&#8221;solid&#8221; bg_image_animation=&#8221;none&#8221;][vc_custom_heading text=&#8221;Un\u2019azienda familiare con una lunga esperienza&#8221; font_container=&#8221;tag:h5|text_align:center|color:%23aa9b93&#8243; use_theme_fonts=&#8221;yes&#8221; css=&#8221;.vc_custom_1563356465609{padding-top: 4% !important;}&#8221;][vc_custom_heading text=&#8221;40 anni di Scale in legno Pechlaner&#8221; font_container=&#8221;tag:h1|text_align:center&#8221; use_theme_fonts=&#8221;yes&#8221;][divider line_type=&#8221;Small Line&#8221; line_alignment=&#8221;center&#8221; line_thickness=&#8221;2&#8243; divider_color=&#8221;accent-color&#8221; animate=&#8221;yes&#8221; custom_height=&#8221;50&#8243; custom_line_width=&#8221;80&#8243;][vc_column_text]\n<p class=\"p1\"><span class=\"s1\">La storia della nostra azienda familiare inizia nel 1978, a Egna, come piccola impresa artigiana specializzata fin dall&#8217;inizio nella produzione di scale e ringhiere di legno.<\/span><\/p>\n<p class=\"p3\"><span class=\"s1\">Nel corso degli anni, la nostra azienda \u00e8 cresciuta e il piccolo laboratorio artigiano si \u00e8 affermato come specialista altoatesino delle <b>scale<\/b> e delle <\/span><span class=\"s2\">ringhiere in legno<\/span><span class=\"s1\">. Le numerose esperienze, i nuovi impulsi e le innovazioni tecniche, coniugate ad una spiccata creativit\u00e0 e professionalit\u00e0, si ritrovano nella progettazione e nello sviluppo dei nostri progetti. Tutto ci\u00f2 rende oggi <b>Pechlaner <\/b>sinonimo di scale uniche e originali.<\/span><\/p>\n<p class=\"p3\"><span class=\"s1\">Ancora oggi, ogni scala dell&#8217;azienda familiare Pechlaner \u00e8 progettata con cura da noi stessi. La produzione spazia dalle <b>scale tradizionali<\/b> ai lavori di fresatura e <\/span><span class=\"s2\">tornitura<\/span><span class=\"s1\"> con macchine a controllo numerico. Ogni fase di lavoro viene eseguita e portata a compimento nel nostro laboratorio.<\/span><\/p>\n<p class=\"p3\"><span class=\"s1\">Attraverso elementi di design moderni e materiali come acciaio inossidabile, ferro o vetro, combiniamo e uniamo al sapere artigianale tradizionale le ultime tendenze del design e dell&#8217;architettura.<\/span><\/p>\n<p class=\"p5\"><span class=\"s1\"><b>Il laboratorio dell&#8217;azienda Pechlaner<\/b><\/span><\/p>\n<p class=\"p5\"><span class=\"s1\">Nel laboratorio della nostra azienda tradizionale utilizziamo principalmente legno massiccio di altissima qualit\u00e0, proveniente in gran parte dalla regione.<br \/>\nLa nostra moderna dotazione di macchine utensili comprende fresatrici e torni a controllo numerico, con i quali possiamo realizzare scale adatte alle pi\u00f9 diverse necessit\u00e0 e specifiche.<\/span><\/p>\n<p class=\"p5\"><span class=\"s1\">La combinazione tra le lavorazioni artigianali tradizionali e le pregiate materie prime regionali impiegate d\u00e0 vita a scale assolutamente originali. Una volta installati, questi pezzi unici da noi progettati risaltano come elementi di ricercato design.<\/span><\/p>\n[\/vc_column_text][\/vc_column][vc_column column_padding=&#8221;no-extra-padding&#8221; column_padding_position=&#8221;all&#8221; background_color_opacity=&#8221;1&#8243; background_hover_color_opacity=&#8221;1&#8243; column_link_target=&#8221;_self&#8221; column_shadow=&#8221;none&#8221; column_border_radius=&#8221;none&#8221; width=&#8221;1\/6&#8243; tablet_width_inherit=&#8221;default&#8221; tablet_text_alignment=&#8221;default&#8221; phone_text_alignment=&#8221;default&#8221; column_border_width=&#8221;none&#8221; column_border_style=&#8221;solid&#8221; bg_image_animation=&#8221;none&#8221;][\/vc_column][\/vc_row][vc_row type=&#8221;full_width_background&#8221; full_screen_row_position=&#8221;middle&#8221; scene_position=&#8221;center&#8221; text_color=&#8221;dark&#8221; text_align=&#8221;left&#8221; overlay_strength=&#8221;0.3&#8243; shape_divider_position=&#8221;bottom&#8221; bg_image_animation=&#8221;none&#8221; shape_type=&#8221;&#8221;][vc_column column_padding=&#8221;no-extra-padding&#8221; column_padding_position=&#8221;all&#8221; background_color_opacity=&#8221;1&#8243; background_hover_color_opacity=&#8221;1&#8243; column_link_target=&#8221;_self&#8221; column_shadow=&#8221;none&#8221; column_border_radius=&#8221;none&#8221; width=&#8221;1\/1&#8243; tablet_width_inherit=&#8221;default&#8221; tablet_text_alignment=&#8221;default&#8221; phone_text_alignment=&#8221;default&#8221; column_border_width=&#8221;none&#8221; column_border_style=&#8221;solid&#8221; bg_image_animation=&#8221;none&#8221;][divider line_type=&#8221;No Line&#8221; custom_height=&#8221;10&#8243;][\/vc_column][\/vc_row][vc_row type=&#8221;full_width_background&#8221; full_screen_row_position=&#8221;middle&#8221; equal_height=&#8221;yes&#8221; content_placement=&#8221;middle&#8221; bg_color=&#8221;#d5d1cc&#8221; scene_position=&#8221;center&#8221; text_color=&#8221;dark&#8221; text_align=&#8221;left&#8221; top_padding=&#8221;80&#8243; bottom_padding=&#8221;80&#8243; overlay_strength=&#8221;0.3&#8243; shape_divider_position=&#8221;bottom&#8221; bg_image_animation=&#8221;none&#8221; shape_type=&#8221;&#8221;][vc_column column_padding=&#8221;no-extra-padding&#8221; column_padding_position=&#8221;all&#8221; background_color_opacity=&#8221;1&#8243; background_hover_color_opacity=&#8221;1&#8243; column_link_target=&#8221;_self&#8221; column_shadow=&#8221;none&#8221; column_border_radius=&#8221;none&#8221; width=&#8221;1\/2&#8243; tablet_width_inherit=&#8221;default&#8221; tablet_text_alignment=&#8221;center&#8221; phone_text_alignment=&#8221;center&#8221; column_border_width=&#8221;none&#8221; column_border_style=&#8221;solid&#8221; bg_image_animation=&#8221;none&#8221;][vc_custom_heading text=&#8221;Le interessano la nostra competenza e abilit\u00e0?&#8221; font_container=&#8221;tag:h3|font_size:26|text_align:left|color:%23594e46&#8243; use_theme_fonts=&#8221;yes&#8221;][vc_custom_heading text=&#8221;In tal caso sar\u00e0 un piacere se ci vorr\u00e0 contattare.&#8221; font_container=&#8221;tag:h4|font_size:20|text_align:left|color:%23796958&#8243; use_theme_fonts=&#8221;yes&#8221;][\/vc_column][vc_column column_padding=&#8221;no-extra-padding&#8221; column_padding_position=&#8221;all&#8221; background_color_opacity=&#8221;1&#8243; background_hover_color_opacity=&#8221;1&#8243; column_link_target=&#8221;_self&#8221; column_shadow=&#8221;none&#8221; column_border_radius=&#8221;none&#8221; width=&#8221;1\/2&#8243; tablet_width_inherit=&#8221;default&#8221; tablet_text_alignment=&#8221;center&#8221; phone_text_alignment=&#8221;center&#8221; column_border_width=&#8221;none&#8221; column_border_style=&#8221;solid&#8221; bg_image_animation=&#8221;none&#8221;][vc_row_inner column_margin=&#8221;default&#8221; text_align=&#8221;right&#8221;][vc_column_inner column_padding=&#8221;no-extra-padding&#8221; column_padding_position=&#8221;all&#8221; background_color_opacity=&#8221;1&#8243; background_hover_color_opacity=&#8221;1&#8243; column_shadow=&#8221;none&#8221; column_border_radius=&#8221;none&#8221; column_link_target=&#8221;_self&#8221; width=&#8221;1\/1&#8243; tablet_width_inherit=&#8221;default&#8221; column_border_width=&#8221;none&#8221; column_border_style=&#8221;solid&#8221; bg_image_animation=&#8221;none&#8221;][nectar_btn size=&#8221;large&#8221; button_style=&#8221;see-through-2&#8243; color_override=&#8221;#796958&#8243; hover_color_override=&#8221;#a4927e&#8221; hover_text_color_override=&#8221;#ffffff&#8221; icon_family=&#8221;none&#8221; url=&#8221;https:\/\/pechlaner.it\/it\/contatto\/&#8221; text=&#8221;Contatto&#8221;][\/vc_column_inner][\/vc_row_inner][\/vc_column][\/vc_row][vc_row type=&#8221;full_width_background&#8221; full_screen_row_position=&#8221;middle&#8221; scene_position=&#8221;center&#8221; text_color=&#8221;dark&#8221; text_align=&#8221;left&#8221; overlay_strength=&#8221;0.3&#8243; shape_divider_position=&#8221;bottom&#8221; bg_image_animation=&#8221;none&#8221; shape_type=&#8221;&#8221;][vc_column column_padding=&#8221;no-extra-padding&#8221; column_padding_position=&#8221;all&#8221; background_color_opacity=&#8221;1&#8243; background_hover_color_opacity=&#8221;1&#8243; column_link_target=&#8221;_self&#8221; column_shadow=&#8221;none&#8221; column_border_radius=&#8221;none&#8221; width=&#8221;1\/1&#8243; tablet_width_inherit=&#8221;default&#8221; tablet_text_alignment=&#8221;default&#8221; phone_text_alignment=&#8221;default&#8221; column_border_width=&#8221;none&#8221; column_border_style=&#8221;solid&#8221; bg_image_animation=&#8221;none&#8221;][divider line_type=&#8221;No Line&#8221; custom_height=&#8221;22&#8243;][\/vc_column][\/vc_row]\n","protected":false},"excerpt":{"rendered":"<p>[vc_row type=&#8221;in_container&#8221; full_screen_row_position=&#8221;middle&#8221; scene_position=&#8221;center&#8221; text_color=&#8221;dark&#8221; text_align=&#8221;left&#8221; top_padding=&#8221;\u00b4&#8221; overlay_strength=&#8221;0.3&#8243; shape_divider_position=&#8221;bottom&#8221; bg_image_animation=&#8221;none&#8221; shape_type=&#8221;&#8221;][vc_column centered_text=&#8221;true&#8221; column_padding=&#8221;no-extra-padding&#8221; column_padding_position=&#8221;all&#8221; background_color_opacity=&#8221;1&#8243; background_hover_color_opacity=&#8221;1&#8243; column_link_target=&#8221;_self&#8221; column_shadow=&#8221;none&#8221; column_border_radius=&#8221;none&#8221; width=&#8221;1\/6&#8243; tablet_width_inherit=&#8221;default&#8221; tablet_text_alignment=&#8221;default&#8221; phone_text_alignment=&#8221;default&#8221; column_border_width=&#8221;none&#8221; column_border_style=&#8221;solid&#8221; bg_image_animation=&#8221;none&#8221;][\/vc_column][vc_column column_padding=&#8221;padding-3-percent&#8221; column_padding_position=&#8221;all&#8221; background_color=&#8221;#ffffff&#8221; background_color_opacity=&#8221;1&#8243;&#8230;<\/p>\n","protected":false},"author":2,"featured_media":0,"parent":0,"menu_order":1,"comment_status":"closed","ping_status":"closed","template":"","meta":{"footnotes":""},"class_list":["post-967","page","type-page","status-publish"],"yoast_head":"<!-- This site is optimized with the Yoast SEO plugin v27.4 - https:\/\/yoast.com\/product\/yoast-seo-wordpress\/ -->\n<title>UN\u2019AZIENDA FAMILIARE CON UNA LUNGA ESPERIENZA 40 ANNI PECHLANER<\/title>\n<meta name=\"description\" content=\"La storia della nostra azienda familiare inizia nel 1978, a Egna, come piccola impresa artigiana specializzata fin dall\u2019inizio nella produzione di scale e ringhiere di legno.\" \/>\n<meta name=\"robots\" content=\"index, follow, max-snippet:-1, max-image-preview:large, max-video-preview:-1\" \/>\n<link rel=\"canonical\" href=\"https:\/\/pechlaner.it\/it\/su-di-noi\/\" \/>\n<meta property=\"og:locale\" content=\"it_IT\" \/>\n<meta property=\"og:type\" content=\"article\" \/>\n<meta property=\"og:title\" content=\"UN\u2019AZIENDA FAMILIARE CON UNA LUNGA ESPERIENZA 40 ANNI PECHLANER\" \/>\n<meta property=\"og:description\" content=\"La storia della nostra azienda familiare inizia nel 1978, a Egna, come piccola impresa artigiana specializzata fin dall\u2019inizio nella produzione di scale e ringhiere di legno.\" \/>\n<meta property=\"og:url\" content=\"https:\/\/pechlaner.it\/it\/su-di-noi\/\" \/>\n<meta property=\"og:site_name\" content=\"PECHLANER TREPPENBAU . SCALE IN LEGNO\" \/>\n<meta property=\"article:publisher\" content=\"https:\/\/www.facebook.com\/pechlaner.treppenbau\/\" \/>\n<meta property=\"article:modified_time\" content=\"2019-07-29T12:09:42+00:00\" \/>\n<meta property=\"og:image\" content=\"https:\/\/pechlaner.it\/wordpress-2019\/wp-content\/uploads\/2019\/05\/pechlaner-treppenbau-scale-in-legno-06.jpg\" \/>\n<meta name=\"twitter:card\" content=\"summary_large_image\" \/>\n<meta name=\"twitter:label1\" content=\"Tempo di lettura stimato\" \/>\n\t<meta name=\"twitter:data1\" content=\"5 minuti\" \/>\n<script type=\"application\/ld+json\" class=\"yoast-schema-graph\">{\"@context\":\"https:\\\/\\\/schema.org\",\"@graph\":[{\"@type\":\"WebPage\",\"@id\":\"https:\\\/\\\/pechlaner.it\\\/it\\\/su-di-noi\\\/\",\"url\":\"https:\\\/\\\/pechlaner.it\\\/it\\\/su-di-noi\\\/\",\"name\":\"UN\u2019AZIENDA FAMILIARE CON UNA LUNGA ESPERIENZA 40 ANNI PECHLANER\",\"isPartOf\":{\"@id\":\"https:\\\/\\\/pechlaner.it\\\/#website\"},\"datePublished\":\"2019-05-16T10:23:27+00:00\",\"dateModified\":\"2019-07-29T12:09:42+00:00\",\"description\":\"La storia della nostra azienda familiare inizia nel 1978, a Egna, come piccola impresa artigiana specializzata fin dall\u2019inizio nella produzione di scale e ringhiere di legno.\",\"breadcrumb\":{\"@id\":\"https:\\\/\\\/pechlaner.it\\\/it\\\/su-di-noi\\\/#breadcrumb\"},\"inLanguage\":\"it-IT\",\"potentialAction\":[{\"@type\":\"ReadAction\",\"target\":[\"https:\\\/\\\/pechlaner.it\\\/it\\\/su-di-noi\\\/\"]}]},{\"@type\":\"BreadcrumbList\",\"@id\":\"https:\\\/\\\/pechlaner.it\\\/it\\\/su-di-noi\\\/#breadcrumb\",\"itemListElement\":[{\"@type\":\"ListItem\",\"position\":1,\"name\":\"Start\",\"item\":\"https:\\\/\\\/pechlaner.it\\\/it\\\/startseite\\\/\"},{\"@type\":\"ListItem\",\"position\":2,\"name\":\"Su di noi\"}]},{\"@type\":\"WebSite\",\"@id\":\"https:\\\/\\\/pechlaner.it\\\/#website\",\"url\":\"https:\\\/\\\/pechlaner.it\\\/\",\"name\":\"PECHLANER TREPPENBAU . SCALE IN LEGNO\",\"description\":\"Holztreppen aus S\u00fcdtirol\",\"publisher\":{\"@id\":\"https:\\\/\\\/pechlaner.it\\\/#organization\"},\"potentialAction\":[{\"@type\":\"SearchAction\",\"target\":{\"@type\":\"EntryPoint\",\"urlTemplate\":\"https:\\\/\\\/pechlaner.it\\\/?s={search_term_string}\"},\"query-input\":{\"@type\":\"PropertyValueSpecification\",\"valueRequired\":true,\"valueName\":\"search_term_string\"}}],\"inLanguage\":\"it-IT\"},{\"@type\":\"Organization\",\"@id\":\"https:\\\/\\\/pechlaner.it\\\/#organization\",\"name\":\"PECHLANER TREPPENBAU . SCALE IN LEGNO\",\"url\":\"https:\\\/\\\/pechlaner.it\\\/\",\"logo\":{\"@type\":\"ImageObject\",\"inLanguage\":\"it-IT\",\"@id\":\"https:\\\/\\\/pechlaner.it\\\/#\\\/schema\\\/logo\\\/image\\\/\",\"url\":\"https:\\\/\\\/pechlaner.it\\\/wordpress-2019\\\/wp-content\\\/uploads\\\/2019\\\/05\\\/Pechlaner_LOGO.png\",\"contentUrl\":\"https:\\\/\\\/pechlaner.it\\\/wordpress-2019\\\/wp-content\\\/uploads\\\/2019\\\/05\\\/Pechlaner_LOGO.png\",\"width\":300,\"height\":63,\"caption\":\"PECHLANER TREPPENBAU . SCALE IN LEGNO\"},\"image\":{\"@id\":\"https:\\\/\\\/pechlaner.it\\\/#\\\/schema\\\/logo\\\/image\\\/\"},\"sameAs\":[\"https:\\\/\\\/www.facebook.com\\\/pechlaner.treppenbau\\\/\",\"https:\\\/\\\/pechlaner.it\\\/\"]}]}<\/script>\n<!-- \/ Yoast SEO plugin. -->","yoast_head_json":{"title":"UN\u2019AZIENDA FAMILIARE CON UNA LUNGA ESPERIENZA 40 ANNI PECHLANER","description":"La storia della nostra azienda familiare inizia nel 1978, a Egna, come piccola impresa artigiana specializzata fin dall\u2019inizio nella produzione di scale e ringhiere di legno.","robots":{"index":"index","follow":"follow","max-snippet":"max-snippet:-1","max-image-preview":"max-image-preview:large","max-video-preview":"max-video-preview:-1"},"canonical":"https:\/\/pechlaner.it\/it\/su-di-noi\/","og_locale":"it_IT","og_type":"article","og_title":"UN\u2019AZIENDA FAMILIARE CON UNA LUNGA ESPERIENZA 40 ANNI PECHLANER","og_description":"La storia della nostra azienda familiare inizia nel 1978, a Egna, come piccola impresa artigiana specializzata fin dall\u2019inizio nella produzione di scale e ringhiere di legno.","og_url":"https:\/\/pechlaner.it\/it\/su-di-noi\/","og_site_name":"PECHLANER TREPPENBAU . SCALE IN LEGNO","article_publisher":"https:\/\/www.facebook.com\/pechlaner.treppenbau\/","article_modified_time":"2019-07-29T12:09:42+00:00","og_image":[{"url":"https:\/\/pechlaner.it\/wordpress-2019\/wp-content\/uploads\/2019\/05\/pechlaner-treppenbau-scale-in-legno-06.jpg","type":"","width":"","height":""}],"twitter_card":"summary_large_image","twitter_misc":{"Tempo di lettura stimato":"5 minuti"},"schema":{"@context":"https:\/\/schema.org","@graph":[{"@type":"WebPage","@id":"https:\/\/pechlaner.it\/it\/su-di-noi\/","url":"https:\/\/pechlaner.it\/it\/su-di-noi\/","name":"UN\u2019AZIENDA FAMILIARE CON UNA LUNGA ESPERIENZA 40 ANNI PECHLANER","isPartOf":{"@id":"https:\/\/pechlaner.it\/#website"},"datePublished":"2019-05-16T10:23:27+00:00","dateModified":"2019-07-29T12:09:42+00:00","description":"La storia della nostra azienda familiare inizia nel 1978, a Egna, come piccola impresa artigiana specializzata fin dall\u2019inizio nella produzione di scale e ringhiere di legno.","breadcrumb":{"@id":"https:\/\/pechlaner.it\/it\/su-di-noi\/#breadcrumb"},"inLanguage":"it-IT","potentialAction":[{"@type":"ReadAction","target":["https:\/\/pechlaner.it\/it\/su-di-noi\/"]}]},{"@type":"BreadcrumbList","@id":"https:\/\/pechlaner.it\/it\/su-di-noi\/#breadcrumb","itemListElement":[{"@type":"ListItem","position":1,"name":"Start","item":"https:\/\/pechlaner.it\/it\/startseite\/"},{"@type":"ListItem","position":2,"name":"Su di noi"}]},{"@type":"WebSite","@id":"https:\/\/pechlaner.it\/#website","url":"https:\/\/pechlaner.it\/","name":"PECHLANER TREPPENBAU . SCALE IN LEGNO","description":"Holztreppen aus S\u00fcdtirol","publisher":{"@id":"https:\/\/pechlaner.it\/#organization"},"potentialAction":[{"@type":"SearchAction","target":{"@type":"EntryPoint","urlTemplate":"https:\/\/pechlaner.it\/?s={search_term_string}"},"query-input":{"@type":"PropertyValueSpecification","valueRequired":true,"valueName":"search_term_string"}}],"inLanguage":"it-IT"},{"@type":"Organization","@id":"https:\/\/pechlaner.it\/#organization","name":"PECHLANER TREPPENBAU . SCALE IN LEGNO","url":"https:\/\/pechlaner.it\/","logo":{"@type":"ImageObject","inLanguage":"it-IT","@id":"https:\/\/pechlaner.it\/#\/schema\/logo\/image\/","url":"https:\/\/pechlaner.it\/wordpress-2019\/wp-content\/uploads\/2019\/05\/Pechlaner_LOGO.png","contentUrl":"https:\/\/pechlaner.it\/wordpress-2019\/wp-content\/uploads\/2019\/05\/Pechlaner_LOGO.png","width":300,"height":63,"caption":"PECHLANER TREPPENBAU . SCALE IN LEGNO"},"image":{"@id":"https:\/\/pechlaner.it\/#\/schema\/logo\/image\/"},"sameAs":["https:\/\/www.facebook.com\/pechlaner.treppenbau\/","https:\/\/pechlaner.it\/"]}]}},"_links":{"self":[{"href":"https:\/\/pechlaner.it\/it\/wp-json\/wp\/v2\/pages\/967","targetHints":{"allow":["GET"]}}],"collection":[{"href":"https:\/\/pechlaner.it\/it\/wp-json\/wp\/v2\/pages"}],"about":[{"href":"https:\/\/pechlaner.it\/it\/wp-json\/wp\/v2\/types\/page"}],"author":[{"embeddable":true,"href":"https:\/\/pechlaner.it\/it\/wp-json\/wp\/v2\/users\/2"}],"replies":[{"embeddable":true,"href":"https:\/\/pechlaner.it\/it\/wp-json\/wp\/v2\/comments?post=967"}],"version-history":[{"count":1,"href":"https:\/\/pechlaner.it\/it\/wp-json\/wp\/v2\/pages\/967\/revisions"}],"predecessor-version":[{"id":1127,"href":"https:\/\/pechlaner.it\/it\/wp-json\/wp\/v2\/pages\/967\/revisions\/1127"}],"wp:attachment":[{"href":"https:\/\/pechlaner.it\/it\/wp-json\/wp\/v2\/media?parent=967"}],"curies":[{"name":"wp","href":"https:\/\/api.w.org\/{rel}","templated":true}]}}