{"id":1091,"date":"2019-07-22T15:55:15","date_gmt":"2019-07-22T13:55:15","guid":{"rendered":"https:\/\/pechlaner.it\/impressum\/"},"modified":"2023-01-26T09:40:49","modified_gmt":"2023-01-26T08:40:49","slug":"note-legali","status":"publish","type":"page","link":"https:\/\/pechlaner.it\/it\/note-legali\/","title":{"rendered":"Note legali"},"content":{"rendered":"[vc_row type=&#8221;in_container&#8221; full_screen_row_position=&#8221;middle&#8221; scene_position=&#8221;center&#8221; text_color=&#8221;dark&#8221; text_align=&#8221;left&#8221; top_padding=&#8221;5%&#8221; overlay_strength=&#8221;0.3&#8243; shape_divider_position=&#8221;bottom&#8221; bg_image_animation=&#8221;none&#8221; shape_type=&#8221;&#8221;][vc_column column_padding=&#8221;no-extra-padding&#8221; column_padding_position=&#8221;all&#8221; background_color_opacity=&#8221;1&#8243; background_hover_color_opacity=&#8221;1&#8243; column_link_target=&#8221;_self&#8221; column_shadow=&#8221;none&#8221; column_border_radius=&#8221;none&#8221; width=&#8221;1\/1&#8243; tablet_width_inherit=&#8221;default&#8221; tablet_text_alignment=&#8221;default&#8221; phone_text_alignment=&#8221;default&#8221; column_border_width=&#8221;none&#8221; column_border_style=&#8221;solid&#8221; bg_image_animation=&#8221;none&#8221;][vc_column_text]<strong>Proprietario e editore:<br \/>\n<\/strong>Pechlaner Treppenbau d. Pechlaner Max &amp; C. KG<br \/>\nVia Rheinfelden 2\/3<br \/>\nI-39044 Egna<br \/>\nAlto Adige (Bolzano)<br \/>\nT +39 0471 812 599<br \/>\nSt.-Nr.\/MwSt.Nr. 02565630213<\/p>\n[divider line_type=&#8221;No Line&#8221; custom_height=&#8221;20&#8243;]\n<p><strong>Webdesign e programmazione:<br \/>\n<\/strong><a href=\"https:\/\/fahrner.it\" target=\"_blank\" rel=\"noopener noreferrer\">www.fahrner.it | web . grafik<\/a><\/p>\n[divider line_type=&#8221;No Line&#8221; custom_height=&#8221;20&#8243;]\n<p><strong>Photo credit<br \/>\n<\/strong><strong>Pechlaner Treppenbau d. Pechlaner Max &amp; C. KG<\/strong><\/p>\n[divider line_type=&#8221;No Line&#8221; custom_height=&#8221;20&#8243;]\n<div class=\"container\">\n<div class=\"row\">\n<div class=\"col-xl-8 col-lg-10 col-12 mx-auto\">\n<article id=\"entry-312\" class=\"entry post-312 page type-page status-publish hentry\">\n<div class=\"entry-content\">\n<p><strong>Informazione obbligatoria<\/strong><br \/>\nai sensi del Regolamento UE n. 524\/2016 del Parlamento europeo e del Consiglio Piattaforma per la risoluzione delle controversie online dei consumatori (ODR) della Commissione europea: <a href=\"http:\/\/ec.europa.eu\/consumers\/odr\/\" target=\"_blank\" rel=\"noopener noreferrer\">http:\/\/ec.europa.eu\/consumers\/odr\/<\/a><\/p>\n<p><strong>Indicazioni importanti<br \/>\n<\/strong>Tutte le informazioni contenute nella pagina sono protette da diritti d\u2019autore e di propriet\u00e0. L\u2019uso e la diffusione sono riservate esclusivamente ad uso personale. Ogni uso diverso deve essere consentito per iscritto. Questo riguarda soprattutto la riproduzione, traduzione, la riproduzione cinematografica, memorizzazione e diffusione mediate mezzi elettronici.<\/p>\n<p><strong>Esclusione dalla responsabilit\u00e0:<\/strong><br \/>\nMolti \u201elink\u201c conducono dalla pagina internet (\u201eInternetsite\u201c) a pagine esterne gestite e\/o pubblicate da esercizi esterni. Queste pagine non possono essere controllate da noi. Per questo motivo non possiamo assumerci nessuna responsabilit\u00e0 sull\u2019eventuale contenuto. Solo gli esercizi esterni sono responsabili del contenuto di dette pagine. Al momento della messa in rete della nostra pagina web non sono stati riscontrati contenuti illegali. Ci dissociamo da eventuali prese di posizioni contenute nei link esterni. Il nostro sito web viene attualizzato regolarmente. Tuttavia non possiamo garantire la piena esattezza, conformit\u00e0, legittimit\u00e0, attualit\u00e0 e completezza dei dati ivi contenuti.<\/p>\n<\/div>\n<\/article>\n<\/div>\n<\/div>\n<\/div>\n[\/vc_column_text][\/vc_column][\/vc_row]\n","protected":false},"excerpt":{"rendered":"<p>[vc_row type=&#8221;in_container&#8221; full_screen_row_position=&#8221;middle&#8221; scene_position=&#8221;center&#8221; text_color=&#8221;dark&#8221; text_align=&#8221;left&#8221; top_padding=&#8221;5%&#8221; overlay_strength=&#8221;0.3&#8243; shape_divider_position=&#8221;bottom&#8221; bg_image_animation=&#8221;none&#8221; shape_type=&#8221;&#8221;][vc_column column_padding=&#8221;no-extra-padding&#8221; column_padding_position=&#8221;all&#8221; background_color_opacity=&#8221;1&#8243; background_hover_color_opacity=&#8221;1&#8243; column_link_target=&#8221;_self&#8221; column_shadow=&#8221;none&#8221; column_border_radius=&#8221;none&#8221; width=&#8221;1\/1&#8243; tablet_width_inherit=&#8221;default&#8221; tablet_text_alignment=&#8221;default&#8221; phone_text_alignment=&#8221;default&#8221; column_border_width=&#8221;none&#8221; column_border_style=&#8221;solid&#8221; bg_image_animation=&#8221;none&#8221;][vc_column_text]Proprietario e editore: Pechlaner Treppenbau d&#8230;.<\/p>\n","protected":false},"author":1,"featured_media":0,"parent":0,"menu_order":9,"comment_status":"closed","ping_status":"closed","template":"","meta":{"footnotes":""},"class_list":["post-1091","page","type-page","status-publish"],"yoast_head":"<!-- This site is optimized with the Yoast SEO plugin v27.4 - https:\/\/yoast.com\/product\/yoast-seo-wordpress\/ -->\n<title>Note legali - PECHLANER TREPPENBAU . SCALE IN LEGNO<\/title>\n<meta name=\"robots\" content=\"index, follow, max-snippet:-1, max-image-preview:large, max-video-preview:-1\" \/>\n<link rel=\"canonical\" href=\"https:\/\/pechlaner.it\/it\/note-legali\/\" \/>\n<meta property=\"og:locale\" content=\"it_IT\" \/>\n<meta property=\"og:type\" content=\"article\" \/>\n<meta property=\"og:title\" content=\"Note legali - PECHLANER TREPPENBAU . SCALE IN LEGNO\" \/>\n<meta property=\"og:description\" content=\"[vc_row type=&#8221;in_container&#8221; full_screen_row_position=&#8221;middle&#8221; scene_position=&#8221;center&#8221; text_color=&#8221;dark&#8221; text_align=&#8221;left&#8221; top_padding=&#8221;5%&#8221; overlay_strength=&#8221;0.3&#8243; shape_divider_position=&#8221;bottom&#8221; bg_image_animation=&#8221;none&#8221; shape_type=&#8221;&#8221;][vc_column column_padding=&#8221;no-extra-padding&#8221; column_padding_position=&#8221;all&#8221; background_color_opacity=&#8221;1&#8243; background_hover_color_opacity=&#8221;1&#8243; column_link_target=&#8221;_self&#8221; column_shadow=&#8221;none&#8221; column_border_radius=&#8221;none&#8221; width=&#8221;1\/1&#8243; tablet_width_inherit=&#8221;default&#8221; tablet_text_alignment=&#8221;default&#8221; phone_text_alignment=&#8221;default&#8221; column_border_width=&#8221;none&#8221; column_border_style=&#8221;solid&#8221; bg_image_animation=&#8221;none&#8221;][vc_column_text]Proprietario e editore: Pechlaner Treppenbau d....\" \/>\n<meta property=\"og:url\" content=\"https:\/\/pechlaner.it\/it\/note-legali\/\" \/>\n<meta property=\"og:site_name\" content=\"PECHLANER TREPPENBAU . SCALE IN LEGNO\" \/>\n<meta property=\"article:publisher\" content=\"https:\/\/www.facebook.com\/pechlaner.treppenbau\/\" \/>\n<meta property=\"article:modified_time\" content=\"2023-01-26T08:40:49+00:00\" \/>\n<meta property=\"og:image\" content=\"https:\/\/pechlaner.it\/wordpress-2019\/wp-content\/uploads\/2019\/05\/pechlaner-treppenbau-scale-in-legno-34.jpg\" \/>\n\t<meta property=\"og:image:width\" content=\"1200\" \/>\n\t<meta property=\"og:image:height\" content=\"800\" \/>\n\t<meta property=\"og:image:type\" content=\"image\/jpeg\" \/>\n<meta name=\"twitter:card\" content=\"summary_large_image\" \/>\n<meta name=\"twitter:label1\" content=\"Tempo di lettura stimato\" \/>\n\t<meta name=\"twitter:data1\" content=\"2 minuti\" \/>\n<script type=\"application\/ld+json\" class=\"yoast-schema-graph\">{\"@context\":\"https:\\\/\\\/schema.org\",\"@graph\":[{\"@type\":\"WebPage\",\"@id\":\"https:\\\/\\\/pechlaner.it\\\/it\\\/note-legali\\\/\",\"url\":\"https:\\\/\\\/pechlaner.it\\\/it\\\/note-legali\\\/\",\"name\":\"Note legali - PECHLANER TREPPENBAU . SCALE IN LEGNO\",\"isPartOf\":{\"@id\":\"https:\\\/\\\/pechlaner.it\\\/#website\"},\"datePublished\":\"2019-07-22T13:55:15+00:00\",\"dateModified\":\"2023-01-26T08:40:49+00:00\",\"breadcrumb\":{\"@id\":\"https:\\\/\\\/pechlaner.it\\\/it\\\/note-legali\\\/#breadcrumb\"},\"inLanguage\":\"it-IT\",\"potentialAction\":[{\"@type\":\"ReadAction\",\"target\":[\"https:\\\/\\\/pechlaner.it\\\/it\\\/note-legali\\\/\"]}]},{\"@type\":\"BreadcrumbList\",\"@id\":\"https:\\\/\\\/pechlaner.it\\\/it\\\/note-legali\\\/#breadcrumb\",\"itemListElement\":[{\"@type\":\"ListItem\",\"position\":1,\"name\":\"Start\",\"item\":\"https:\\\/\\\/pechlaner.it\\\/it\\\/startseite\\\/\"},{\"@type\":\"ListItem\",\"position\":2,\"name\":\"Note legali\"}]},{\"@type\":\"WebSite\",\"@id\":\"https:\\\/\\\/pechlaner.it\\\/#website\",\"url\":\"https:\\\/\\\/pechlaner.it\\\/\",\"name\":\"PECHLANER TREPPENBAU . SCALE IN LEGNO\",\"description\":\"Holztreppen aus S\u00fcdtirol\",\"publisher\":{\"@id\":\"https:\\\/\\\/pechlaner.it\\\/#organization\"},\"potentialAction\":[{\"@type\":\"SearchAction\",\"target\":{\"@type\":\"EntryPoint\",\"urlTemplate\":\"https:\\\/\\\/pechlaner.it\\\/?s={search_term_string}\"},\"query-input\":{\"@type\":\"PropertyValueSpecification\",\"valueRequired\":true,\"valueName\":\"search_term_string\"}}],\"inLanguage\":\"it-IT\"},{\"@type\":\"Organization\",\"@id\":\"https:\\\/\\\/pechlaner.it\\\/#organization\",\"name\":\"PECHLANER TREPPENBAU . SCALE IN LEGNO\",\"url\":\"https:\\\/\\\/pechlaner.it\\\/\",\"logo\":{\"@type\":\"ImageObject\",\"inLanguage\":\"it-IT\",\"@id\":\"https:\\\/\\\/pechlaner.it\\\/#\\\/schema\\\/logo\\\/image\\\/\",\"url\":\"https:\\\/\\\/pechlaner.it\\\/wordpress-2019\\\/wp-content\\\/uploads\\\/2019\\\/05\\\/Pechlaner_LOGO.png\",\"contentUrl\":\"https:\\\/\\\/pechlaner.it\\\/wordpress-2019\\\/wp-content\\\/uploads\\\/2019\\\/05\\\/Pechlaner_LOGO.png\",\"width\":300,\"height\":63,\"caption\":\"PECHLANER TREPPENBAU . SCALE IN LEGNO\"},\"image\":{\"@id\":\"https:\\\/\\\/pechlaner.it\\\/#\\\/schema\\\/logo\\\/image\\\/\"},\"sameAs\":[\"https:\\\/\\\/www.facebook.com\\\/pechlaner.treppenbau\\\/\",\"https:\\\/\\\/pechlaner.it\\\/\"]}]}<\/script>\n<!-- \/ Yoast SEO plugin. -->","yoast_head_json":{"title":"Note legali - PECHLANER TREPPENBAU . SCALE IN LEGNO","robots":{"index":"index","follow":"follow","max-snippet":"max-snippet:-1","max-image-preview":"max-image-preview:large","max-video-preview":"max-video-preview:-1"},"canonical":"https:\/\/pechlaner.it\/it\/note-legali\/","og_locale":"it_IT","og_type":"article","og_title":"Note legali - PECHLANER TREPPENBAU . SCALE IN LEGNO","og_description":"[vc_row type=&#8221;in_container&#8221; full_screen_row_position=&#8221;middle&#8221; scene_position=&#8221;center&#8221; text_color=&#8221;dark&#8221; text_align=&#8221;left&#8221; top_padding=&#8221;5%&#8221; overlay_strength=&#8221;0.3&#8243; shape_divider_position=&#8221;bottom&#8221; bg_image_animation=&#8221;none&#8221; shape_type=&#8221;&#8221;][vc_column column_padding=&#8221;no-extra-padding&#8221; column_padding_position=&#8221;all&#8221; background_color_opacity=&#8221;1&#8243; background_hover_color_opacity=&#8221;1&#8243; column_link_target=&#8221;_self&#8221; column_shadow=&#8221;none&#8221; column_border_radius=&#8221;none&#8221; width=&#8221;1\/1&#8243; tablet_width_inherit=&#8221;default&#8221; tablet_text_alignment=&#8221;default&#8221; phone_text_alignment=&#8221;default&#8221; column_border_width=&#8221;none&#8221; column_border_style=&#8221;solid&#8221; bg_image_animation=&#8221;none&#8221;][vc_column_text]Proprietario e editore: Pechlaner Treppenbau d....","og_url":"https:\/\/pechlaner.it\/it\/note-legali\/","og_site_name":"PECHLANER TREPPENBAU . SCALE IN LEGNO","article_publisher":"https:\/\/www.facebook.com\/pechlaner.treppenbau\/","article_modified_time":"2023-01-26T08:40:49+00:00","og_image":[{"width":1200,"height":800,"url":"https:\/\/pechlaner.it\/wordpress-2019\/wp-content\/uploads\/2019\/05\/pechlaner-treppenbau-scale-in-legno-34.jpg","type":"image\/jpeg"}],"twitter_card":"summary_large_image","twitter_misc":{"Tempo di lettura stimato":"2 minuti"},"schema":{"@context":"https:\/\/schema.org","@graph":[{"@type":"WebPage","@id":"https:\/\/pechlaner.it\/it\/note-legali\/","url":"https:\/\/pechlaner.it\/it\/note-legali\/","name":"Note legali - PECHLANER TREPPENBAU . SCALE IN LEGNO","isPartOf":{"@id":"https:\/\/pechlaner.it\/#website"},"datePublished":"2019-07-22T13:55:15+00:00","dateModified":"2023-01-26T08:40:49+00:00","breadcrumb":{"@id":"https:\/\/pechlaner.it\/it\/note-legali\/#breadcrumb"},"inLanguage":"it-IT","potentialAction":[{"@type":"ReadAction","target":["https:\/\/pechlaner.it\/it\/note-legali\/"]}]},{"@type":"BreadcrumbList","@id":"https:\/\/pechlaner.it\/it\/note-legali\/#breadcrumb","itemListElement":[{"@type":"ListItem","position":1,"name":"Start","item":"https:\/\/pechlaner.it\/it\/startseite\/"},{"@type":"ListItem","position":2,"name":"Note legali"}]},{"@type":"WebSite","@id":"https:\/\/pechlaner.it\/#website","url":"https:\/\/pechlaner.it\/","name":"PECHLANER TREPPENBAU . SCALE IN LEGNO","description":"Holztreppen aus S\u00fcdtirol","publisher":{"@id":"https:\/\/pechlaner.it\/#organization"},"potentialAction":[{"@type":"SearchAction","target":{"@type":"EntryPoint","urlTemplate":"https:\/\/pechlaner.it\/?s={search_term_string}"},"query-input":{"@type":"PropertyValueSpecification","valueRequired":true,"valueName":"search_term_string"}}],"inLanguage":"it-IT"},{"@type":"Organization","@id":"https:\/\/pechlaner.it\/#organization","name":"PECHLANER TREPPENBAU . SCALE IN LEGNO","url":"https:\/\/pechlaner.it\/","logo":{"@type":"ImageObject","inLanguage":"it-IT","@id":"https:\/\/pechlaner.it\/#\/schema\/logo\/image\/","url":"https:\/\/pechlaner.it\/wordpress-2019\/wp-content\/uploads\/2019\/05\/Pechlaner_LOGO.png","contentUrl":"https:\/\/pechlaner.it\/wordpress-2019\/wp-content\/uploads\/2019\/05\/Pechlaner_LOGO.png","width":300,"height":63,"caption":"PECHLANER TREPPENBAU . SCALE IN LEGNO"},"image":{"@id":"https:\/\/pechlaner.it\/#\/schema\/logo\/image\/"},"sameAs":["https:\/\/www.facebook.com\/pechlaner.treppenbau\/","https:\/\/pechlaner.it\/"]}]}},"_links":{"self":[{"href":"https:\/\/pechlaner.it\/it\/wp-json\/wp\/v2\/pages\/1091","targetHints":{"allow":["GET"]}}],"collection":[{"href":"https:\/\/pechlaner.it\/it\/wp-json\/wp\/v2\/pages"}],"about":[{"href":"https:\/\/pechlaner.it\/it\/wp-json\/wp\/v2\/types\/page"}],"author":[{"embeddable":true,"href":"https:\/\/pechlaner.it\/it\/wp-json\/wp\/v2\/users\/1"}],"replies":[{"embeddable":true,"href":"https:\/\/pechlaner.it\/it\/wp-json\/wp\/v2\/comments?post=1091"}],"version-history":[{"count":3,"href":"https:\/\/pechlaner.it\/it\/wp-json\/wp\/v2\/pages\/1091\/revisions"}],"predecessor-version":[{"id":1380,"href":"https:\/\/pechlaner.it\/it\/wp-json\/wp\/v2\/pages\/1091\/revisions\/1380"}],"wp:attachment":[{"href":"https:\/\/pechlaner.it\/it\/wp-json\/wp\/v2\/media?parent=1091"}],"curies":[{"name":"wp","href":"https:\/\/api.w.org\/{rel}","templated":true}]}}